{"id":13843,"date":"2024-10-04T09:28:25","date_gmt":"2024-10-04T14:58:25","guid":{"rendered":"https:\/\/mazdel.com\/?page_id=13843"},"modified":"2026-02-26T16:34:22","modified_gmt":"2026-02-26T22:04:22","slug":"emblemas-kromex","status":"publish","type":"page","link":"https:\/\/mazdel.com\/en\/emblemas-kromex\/","title":{"rendered":"Kromex"},"content":{"rendered":"<section class=\"wpb-content-wrapper\"><p>[vc_row][vc_column][vc_custom_heading text=&#8221;KROMEX&#8221; font_container=&#8221;tag:h1|font_size:46|text_align:center|color:%23a02323&#8243; google_fonts=&#8221;font_family:Basic%3Aregular|font_style:400%20regular%3A400%3Anormal&#8221;][\/vc_column][\/vc_row][vc_row][vc_column width=&#8221;1\/6&#8243;][\/vc_column][vc_column width=&#8221;2\/3&#8243; offset=&#8221;vc_hidden-xs&#8221;][vc_column_text]<\/p>\n<h4 id=\"tw-target-text\" class=\"tw-data-text tw-text-large tw-ta\" style=\"text-align: center;\" data-placeholder=\"Traducci\u00f3n\" aria-label=\"Texto traducido: Thermoformed three-dimensional emblems with colorful and embossed finishes\" data-ved=\"2ahUKEwjns4GQ5fyIAxXwQTABHabNDiUQ3ewLegQIChAU\"><span class=\"Y2IQFc\" lang=\"en\" style=\"font-family: 'trebuchet ms', geneva, sans-serif; font-size: 18pt;\">Thermoformed three-dimensional emblems with colorful and embossed finishes<\/span><\/h4>\n<p>[\/vc_column_text][\/vc_column][vc_column width=&#8221;1\/6&#8243;][\/vc_column][\/vc_row][vc_row][vc_column width=&#8221;1\/6&#8243;][\/vc_column][vc_column width=&#8221;2\/3&#8243; offset=&#8221;vc_hidden-lg vc_hidden-md vc_hidden-sm&#8221;][vc_column_text]<\/p>\n<h4 id=\"tw-target-text\" class=\"tw-data-text tw-text-large tw-ta\" style=\"text-align: center;\" data-placeholder=\"Traducci\u00f3n\" aria-label=\"Texto traducido: Thermoformed three-dimensional emblems with colorful and embossed finishes\" data-ved=\"2ahUKEwjns4GQ5fyIAxXwQTABHabNDiUQ3ewLegQIChAU\"><span class=\"Y2IQFc\" lang=\"en\" style=\"font-family: 'trebuchet ms', geneva, sans-serif; font-size: 12pt;\">Thermoformed three-dimensional emblems with colorful and embossed finishes<\/span><\/h4>\n<p>[\/vc_column_text][\/vc_column][vc_column width=&#8221;1\/6&#8243;][\/vc_column][\/vc_row][vc_row][vc_column offset=&#8221;vc_hidden-xs&#8221;][vc_images_carousel images=&#8221;14641,14606,14643,14604,14593,14610&#8243; img_size=&#8221;full&#8221; slides_per_view=&#8221;3&#8243; hide_pagination_control=&#8221;yes&#8221; wrap=&#8221;yes&#8221;][\/vc_column][\/vc_row][vc_row][vc_column offset=&#8221;vc_hidden-lg vc_hidden-md vc_hidden-sm&#8221;][vc_images_carousel images=&#8221;14641,14606,14643,14604,14593,14610&#8243; img_size=&#8221;full&#8221; mode=&#8221;vertical&#8221; hide_pagination_control=&#8221;yes&#8221; wrap=&#8221;yes&#8221;][\/vc_column][\/vc_row][vc_row][vc_column width=&#8221;1\/6&#8243;][\/vc_column][vc_column width=&#8221;2\/3&#8243;][vc_column_text]<\/p>\n<p style=\"text-align: justify;\"><span style=\"font-size: 14pt;\">MAZDEL offers this patented technology to customers for the manufacture of thermoformed emblems that adapt to the geometry of surfaces and textures.\u00a0<\/span><\/p>\n<p>[\/vc_column_text][\/vc_column][vc_column width=&#8221;1\/6&#8243;][\/vc_column][\/vc_row][vc_row][vc_column width=&#8221;1\/6&#8243;][\/vc_column][vc_column width=&#8221;2\/3&#8243;][vc_column_text]<\/p>\n<p style=\"text-align: justify;\"><span style=\"font-size: 14pt;\">Kromex emblems can be developed up to a thickness of 5 millimeters, in addition to offering a variety of colors for application. Tooling costs are lower, compared to other technologies.<\/span><\/p>\n<p>[\/vc_column_text][\/vc_column][vc_column width=&#8221;1\/6&#8243;][\/vc_column][\/vc_row][vc_row][vc_column][vc_btn title=&#8221;Quote&#8221; style=&#8221;custom&#8221; custom_background=&#8221;#990000&#8243; custom_text=&#8221;#ffffff&#8221; align=&#8221;center&#8221; link=&#8221;url:https%3A%2F%2Fmazdel.com%2Fen%2Fcotizar-fabricacion-emblemas%2F|title:Dise%C3%B1a%20tu%20Marca&#8221;][\/vc_column][\/vc_row]<\/p>\n<\/section>","protected":false},"excerpt":{"rendered":"<p>[vc_row][vc_column][vc_custom_heading text=&#8221;KROMEX&#8221; font_container=&#8221;tag:h1|font_size:46|text_align:center|color:%23a02323&#8243; google_fonts=&#8221;font_family:Basic%3Aregular|font_style:400%20regular%3A400%3Anormal&#8221;][\/vc_column][\/vc_row][vc_row][vc_column width=&#8221;1\/6&#8243;][\/vc_column][vc_column width=&#8221;2\/3&#8243; offset=&#8221;vc_hidden-xs&#8221;][vc_column_text] Thermoformed three-dimensional emblems with colorful and embossed finishes [\/vc_column_text][\/vc_column][vc_column width=&#8221;1\/6&#8243;][\/vc_column][\/vc_row][vc_row][vc_column width=&#8221;1\/6&#8243;][\/vc_column][vc_column width=&#8221;2\/3&#8243; offset=&#8221;vc_hidden-lg vc_hidden-md vc_hidden-sm&#8221;][vc_column_text] Thermoformed three-dimensional emblems with colorful and embossed finishes [\/vc_column_text][\/vc_column][vc_column width=&#8221;1\/6&#8243;][\/vc_column][\/vc_row][vc_row][vc_column offset=&#8221;vc_hidden-xs&#8221;][vc_images_carousel images=&#8221;14641,14606,14643,14604,14593,14610&#8243; img_size=&#8221;full&#8221; slides_per_view=&#8221;3&#8243; hide_pagination_control=&#8221;yes&#8221; wrap=&#8221;yes&#8221;][\/vc_column][\/vc_row][vc_row][vc_column offset=&#8221;vc_hidden-lg vc_hidden-md &hellip; <a href=\"https:\/\/mazdel.com\/en\/emblemas-kromex\/\">Readmore<\/a><\/p>\n","protected":false},"author":2,"featured_media":13854,"parent":0,"menu_order":0,"comment_status":"closed","ping_status":"closed","template":"","meta":{"_joinchat":[],"footnotes":""},"class_list":["post-13843","page","type-page","status-publish","has-post-thumbnail","hentry"],"yoast_head":"<!-- This site is optimized with the Yoast SEO plugin v26.7 - https:\/\/yoast.com\/wordpress\/plugins\/seo\/ -->\n<title>Kromex Emblem Manufacturing | 3D Luxury Finish | Mazdel<\/title>\n<meta name=\"description\" content=\"Experts in Kromex emblem manufacturing for automotive, motorcycle, and appliance industries. High-durability 3D relief technology.\" \/>\n<meta name=\"robots\" content=\"index, follow, max-snippet:-1, max-image-preview:large, max-video-preview:-1\" \/>\n<link rel=\"canonical\" href=\"https:\/\/mazdel.com\/en\/emblemas-kromex\/\" \/>\n<meta property=\"og:locale\" content=\"en_US\" \/>\n<meta property=\"og:locale:alternate\" content=\"es_CO\" \/>\n<meta property=\"og:type\" content=\"article\" \/>\n<meta property=\"og:title\" content=\"Kromex Emblem Manufacturing | 3D Luxury Finish | Mazdel\" \/>\n<meta property=\"og:description\" content=\"Experts in Kromex emblem manufacturing for automotive, motorcycle, and appliance industries. High-durability 3D relief technology.\" \/>\n<meta property=\"og:url\" content=\"https:\/\/mazdel.com\/en\/emblemas-kromex\/\" \/>\n<meta property=\"og:site_name\" content=\"MAZDEL\" \/>\n<meta property=\"article:publisher\" content=\"https:\/\/www.facebook.com\/mazdelplazas\" \/>\n<meta property=\"article:modified_time\" content=\"2026-02-26T22:04:22+00:00\" \/>\n<meta name=\"twitter:card\" content=\"summary_large_image\" \/>\n<meta name=\"twitter:label1\" content=\"Est. reading time\" \/>\n\t<meta name=\"twitter:data1\" content=\"3 minutes\" \/>\n<script type=\"application\/ld+json\" class=\"yoast-schema-graph\">{\"@context\":\"https:\/\/schema.org\",\"@graph\":[{\"@type\":\"WebPage\",\"@id\":\"https:\/\/mazdel.com\/emblemas-kromex\/\",\"url\":\"https:\/\/mazdel.com\/emblemas-kromex\/\",\"name\":\"Kromex Emblem Manufacturing | 3D Luxury Finish | Mazdel\",\"isPartOf\":{\"@id\":\"https:\/\/mazdel.com\/#website\"},\"primaryImageOfPage\":{\"@id\":\"https:\/\/mazdel.com\/emblemas-kromex\/#primaryimage\"},\"image\":{\"@id\":\"https:\/\/mazdel.com\/emblemas-kromex\/#primaryimage\"},\"thumbnailUrl\":\"\",\"datePublished\":\"2024-10-04T14:58:25+00:00\",\"dateModified\":\"2026-02-26T22:04:22+00:00\",\"description\":\"Experts in Kromex emblem manufacturing for automotive, motorcycle, and appliance industries. High-durability 3D relief technology.\",\"breadcrumb\":{\"@id\":\"https:\/\/mazdel.com\/emblemas-kromex\/#breadcrumb\"},\"inLanguage\":\"en-US\",\"potentialAction\":[{\"@type\":\"ReadAction\",\"target\":[\"https:\/\/mazdel.com\/emblemas-kromex\/\"]}]},{\"@type\":\"ImageObject\",\"inLanguage\":\"en-US\",\"@id\":\"https:\/\/mazdel.com\/emblemas-kromex\/#primaryimage\",\"url\":\"\",\"contentUrl\":\"\"},{\"@type\":\"BreadcrumbList\",\"@id\":\"https:\/\/mazdel.com\/emblemas-kromex\/#breadcrumb\",\"itemListElement\":[{\"@type\":\"ListItem\",\"position\":1,\"name\":\"Home\",\"item\":\"https:\/\/mazdel.com\/en\/\"},{\"@type\":\"ListItem\",\"position\":2,\"name\":\"Kromex\"}]},{\"@type\":\"WebSite\",\"@id\":\"https:\/\/mazdel.com\/#website\",\"url\":\"https:\/\/mazdel.com\/\",\"name\":\"MAZDEL\",\"description\":\"Emblemas Industriales y Calcoman\u00edas\",\"publisher\":{\"@id\":\"https:\/\/mazdel.com\/#organization\"},\"potentialAction\":[{\"@type\":\"SearchAction\",\"target\":{\"@type\":\"EntryPoint\",\"urlTemplate\":\"https:\/\/mazdel.com\/?s={search_term_string}\"},\"query-input\":{\"@type\":\"PropertyValueSpecification\",\"valueRequired\":true,\"valueName\":\"search_term_string\"}}],\"inLanguage\":\"en-US\"},{\"@type\":\"Organization\",\"@id\":\"https:\/\/mazdel.com\/#organization\",\"name\":\"Mazdel\",\"url\":\"https:\/\/mazdel.com\/\",\"logo\":{\"@type\":\"ImageObject\",\"inLanguage\":\"en-US\",\"@id\":\"https:\/\/mazdel.com\/#\/schema\/logo\/image\/\",\"url\":\"https:\/\/mazdel.com\/wp-content\/uploads\/2020\/03\/logo-mazdel-3.png\",\"contentUrl\":\"https:\/\/mazdel.com\/wp-content\/uploads\/2020\/03\/logo-mazdel-3.png\",\"width\":270,\"height\":100,\"caption\":\"Mazdel\"},\"image\":{\"@id\":\"https:\/\/mazdel.com\/#\/schema\/logo\/image\/\"},\"sameAs\":[\"https:\/\/www.facebook.com\/mazdelplazas\",\"https:\/\/www.instagram.com\/mazdelemblemas\/\",\"https:\/\/www.youtube.com\/user\/mazdel321\"]}]}<\/script>\n<!-- \/ Yoast SEO plugin. -->","yoast_head_json":{"title":"Kromex Emblem Manufacturing | 3D Luxury Finish | Mazdel","description":"Experts in Kromex emblem manufacturing for automotive, motorcycle, and appliance industries. High-durability 3D relief technology.","robots":{"index":"index","follow":"follow","max-snippet":"max-snippet:-1","max-image-preview":"max-image-preview:large","max-video-preview":"max-video-preview:-1"},"canonical":"https:\/\/mazdel.com\/en\/emblemas-kromex\/","og_locale":"en_US","og_type":"article","og_title":"[:es]Fabricaci\u00f3n de Emblemas Kromex | Acabado 3D de Lujo | Mazdel[:en]Kromex Emblem Manufacturing | 3D Luxury Finish | Mazdel[:]","og_description":"[:es]Especialistas en la fabricaci\u00f3n de emblemas Kromex con relieve 3D para marcas de motos, veh\u00edculos y electrodom\u00e9sticos. Desarrollo CNC de molde[:en]Experts in Kromex emblem manufacturing for automotive, motorcycle, and appliance industries. High-durability 3D relief technology.[:]","og_url":"https:\/\/mazdel.com\/en\/emblemas-kromex\/","og_site_name":"MAZDEL","article_publisher":"https:\/\/www.facebook.com\/mazdelplazas","article_modified_time":"2026-02-26T22:04:22+00:00","twitter_card":"summary_large_image","twitter_misc":{"Est. reading time":"3 minutes"},"schema":{"@context":"https:\/\/schema.org","@graph":[{"@type":"WebPage","@id":"https:\/\/mazdel.com\/emblemas-kromex\/","url":"https:\/\/mazdel.com\/emblemas-kromex\/","name":"Kromex Emblem Manufacturing | 3D Luxury Finish | Mazdel","isPartOf":{"@id":"https:\/\/mazdel.com\/#website"},"primaryImageOfPage":{"@id":"https:\/\/mazdel.com\/emblemas-kromex\/#primaryimage"},"image":{"@id":"https:\/\/mazdel.com\/emblemas-kromex\/#primaryimage"},"thumbnailUrl":"","datePublished":"2024-10-04T14:58:25+00:00","dateModified":"2026-02-26T22:04:22+00:00","description":"Experts in Kromex emblem manufacturing for automotive, motorcycle, and appliance industries. High-durability 3D relief technology.","breadcrumb":{"@id":"https:\/\/mazdel.com\/emblemas-kromex\/#breadcrumb"},"inLanguage":"en-US","potentialAction":[{"@type":"ReadAction","target":["https:\/\/mazdel.com\/emblemas-kromex\/"]}]},{"@type":"ImageObject","inLanguage":"en-US","@id":"https:\/\/mazdel.com\/emblemas-kromex\/#primaryimage","url":"","contentUrl":""},{"@type":"BreadcrumbList","@id":"https:\/\/mazdel.com\/emblemas-kromex\/#breadcrumb","itemListElement":[{"@type":"ListItem","position":1,"name":"Home","item":"https:\/\/mazdel.com\/en\/"},{"@type":"ListItem","position":2,"name":"Kromex"}]},{"@type":"WebSite","@id":"https:\/\/mazdel.com\/#website","url":"https:\/\/mazdel.com\/","name":"MAZDEL","description":"Emblemas Industriales y Calcoman\u00edas","publisher":{"@id":"https:\/\/mazdel.com\/#organization"},"potentialAction":[{"@type":"SearchAction","target":{"@type":"EntryPoint","urlTemplate":"https:\/\/mazdel.com\/?s={search_term_string}"},"query-input":{"@type":"PropertyValueSpecification","valueRequired":true,"valueName":"search_term_string"}}],"inLanguage":"en-US"},{"@type":"Organization","@id":"https:\/\/mazdel.com\/#organization","name":"Mazdel","url":"https:\/\/mazdel.com\/","logo":{"@type":"ImageObject","inLanguage":"en-US","@id":"https:\/\/mazdel.com\/#\/schema\/logo\/image\/","url":"https:\/\/mazdel.com\/wp-content\/uploads\/2020\/03\/logo-mazdel-3.png","contentUrl":"https:\/\/mazdel.com\/wp-content\/uploads\/2020\/03\/logo-mazdel-3.png","width":270,"height":100,"caption":"Mazdel"},"image":{"@id":"https:\/\/mazdel.com\/#\/schema\/logo\/image\/"},"sameAs":["https:\/\/www.facebook.com\/mazdelplazas","https:\/\/www.instagram.com\/mazdelemblemas\/","https:\/\/www.youtube.com\/user\/mazdel321"]}]}},"_links":{"self":[{"href":"https:\/\/mazdel.com\/en\/wp-json\/wp\/v2\/pages\/13843","targetHints":{"allow":["GET"]}}],"collection":[{"href":"https:\/\/mazdel.com\/en\/wp-json\/wp\/v2\/pages"}],"about":[{"href":"https:\/\/mazdel.com\/en\/wp-json\/wp\/v2\/types\/page"}],"author":[{"embeddable":true,"href":"https:\/\/mazdel.com\/en\/wp-json\/wp\/v2\/users\/2"}],"replies":[{"embeddable":true,"href":"https:\/\/mazdel.com\/en\/wp-json\/wp\/v2\/comments?post=13843"}],"version-history":[{"count":24,"href":"https:\/\/mazdel.com\/en\/wp-json\/wp\/v2\/pages\/13843\/revisions"}],"predecessor-version":[{"id":15577,"href":"https:\/\/mazdel.com\/en\/wp-json\/wp\/v2\/pages\/13843\/revisions\/15577"}],"wp:featuredmedia":[{"embeddable":true,"href":"https:\/\/mazdel.com\/en\/wp-json\/"}],"wp:attachment":[{"href":"https:\/\/mazdel.com\/en\/wp-json\/wp\/v2\/media?parent=13843"}],"curies":[{"name":"wp","href":"https:\/\/api.w.org\/{rel}","templated":true}]}}