{"id":13897,"date":"2024-10-04T13:37:10","date_gmt":"2024-10-04T19:07:10","guid":{"rendered":"https:\/\/mazdel.com\/?page_id=13897"},"modified":"2026-02-26T16:25:07","modified_gmt":"2026-02-26T21:55:07","slug":"calcomanias-industriales","status":"publish","type":"page","link":"https:\/\/mazdel.com\/en\/calcomanias-industriales\/","title":{"rendered":"Calcoman\u00edas"},"content":{"rendered":"<section class=\"wpb-content-wrapper\"><p>[vc_row][vc_column][vc_custom_heading text=&#8221;DECALS&#8221; font_container=&#8221;tag:h1|font_size:46|text_align:center|color:%23a02323&#8243; google_fonts=&#8221;font_family:Basic%3Aregular|font_style:400%20regular%3A400%3Anormal&#8221;][\/vc_column][\/vc_row][vc_row][vc_column width=&#8221;1\/6&#8243;][\/vc_column][vc_column width=&#8221;2\/3&#8243; offset=&#8221;vc_hidden-xs&#8221;][vc_column_text]<\/p>\n<p style=\"text-align: center;\"><span style=\"font-family: 'trebuchet ms', geneva, sans-serif; font-size: 18pt;\">We make personalized self-adhesive decals in high-quality vinyl that allow you to visually inform and position your products<\/span><\/p>\n<p>[\/vc_column_text][\/vc_column][vc_column width=&#8221;1\/6&#8243;][\/vc_column][\/vc_row][vc_row][vc_column width=&#8221;1\/6&#8243;][\/vc_column][vc_column width=&#8221;2\/3&#8243; offset=&#8221;vc_hidden-lg vc_hidden-md vc_hidden-sm&#8221;][vc_column_text]<\/p>\n<h4 style=\"text-align: center;\"><span style=\"font-family: 'trebuchet ms', geneva, sans-serif; font-size: 12pt;\">We make personalized self-adhesive decals in high-quality vinyl that allow you to visually inform and position your products<\/span><\/h4>\n<p>[\/vc_column_text][\/vc_column][vc_column width=&#8221;1\/6&#8243;][\/vc_column][\/vc_row][vc_row][vc_column offset=&#8221;vc_hidden-xs&#8221;][vc_images_carousel images=&#8221;14624,14619,14625,14623,14622,14617&#8243; img_size=&#8221;full&#8221; onclick=&#8221;link_no&#8221; slides_per_view=&#8221;3&#8243; hide_pagination_control=&#8221;yes&#8221; wrap=&#8221;yes&#8221;][\/vc_column][\/vc_row][vc_row][vc_column offset=&#8221;vc_hidden-lg vc_hidden-md vc_hidden-sm&#8221;][vc_images_carousel images=&#8221;14624,14619,14625,14623,14622,14617&#8243; img_size=&#8221;full&#8221; onclick=&#8221;link_no&#8221; mode=&#8221;vertical&#8221; hide_pagination_control=&#8221;yes&#8221; wrap=&#8221;yes&#8221;][\/vc_column][\/vc_row][vc_row][vc_column width=&#8221;1\/6&#8243;][\/vc_column][vc_column width=&#8221;2\/3&#8243;][vc_column_text]<\/p>\n<div class=\"x-text cs-ta-justify\" style=\"text-align: justify;\">\n<p><span style=\"font-size: 14pt;\">MAZDEL design decals of the highest quality in UV printing and Screen Printing for high-impact custom designs. We have a wide range of high-performance vinyls to design self-adhesives, with the colors and textures required by each client. Its quality to resist light (given its UV printing) and its adhesion to internal and external surfaces allows the development of labels for all types of products such as household appliances, machinery, transportation, car decals, advertising markets, etc.<\/span><\/p>\n<\/div>\n<p>[\/vc_column_text][\/vc_column][vc_column width=&#8221;1\/6&#8243;][\/vc_column][\/vc_row][vc_row full_width=&#8221;stretch_row&#8221; css=&#8221;.vc_custom_1733513346226{background-color: #efefef !important;}&#8221;][vc_column width=&#8221;1\/4&#8243;][\/vc_column][vc_column width=&#8221;1\/2&#8243;][vc_video link=&#8221;https:\/\/www.youtube.com\/watch?v=hLC9Gr5vOHM&#038;feature=youtu.be&#8221; el_aspect=&#8221;43&#8243; align=&#8221;center&#8221;][\/vc_column][vc_column width=&#8221;1\/4&#8243;][\/vc_column][\/vc_row][vc_row][vc_column width=&#8221;1\/6&#8243;][\/vc_column][vc_column width=&#8221;2\/3&#8243;][vc_column_text]<\/p>\n<p style=\"text-align: justify;\"><span style=\"font-size: 14pt;\">This product can be enhanced with the <a href=\"https:\/\/mazdel.com\/en\/emblemas-domes-3d\/\">Domes application<\/a> to give it a three-dimensional finish. Decals do not require any type of mold for their production, which makes their production times shorter, maintaining a high level of quality at all times.<\/span><\/p>\n<p>[\/vc_column_text][\/vc_column][vc_column width=&#8221;1\/6&#8243;][\/vc_column][\/vc_row][vc_row][vc_column][vc_btn title=&#8221;Quote&#8221; style=&#8221;custom&#8221; custom_background=&#8221;#990000&#8243; custom_text=&#8221;#ffffff&#8221; align=&#8221;center&#8221; link=&#8221;url:https%3A%2F%2Fmazdel.com%2Fen%2Fcotizar-fabricacion-emblemas%2F|title:Dise%C3%B1a%20tu%20Marca&#8221;][\/vc_column][\/vc_row]<\/p>\n<\/section>","protected":false},"excerpt":{"rendered":"<p>[vc_row][vc_column][vc_custom_heading text=&#8221;DECALS&#8221; font_container=&#8221;tag:h1|font_size:46|text_align:center|color:%23a02323&#8243; google_fonts=&#8221;font_family:Basic%3Aregular|font_style:400%20regular%3A400%3Anormal&#8221;][\/vc_column][\/vc_row][vc_row][vc_column width=&#8221;1\/6&#8243;][\/vc_column][vc_column width=&#8221;2\/3&#8243; offset=&#8221;vc_hidden-xs&#8221;][vc_column_text] We make personalized self-adhesive decals in high-quality vinyl that allow you to visually inform and position your products [\/vc_column_text][\/vc_column][vc_column width=&#8221;1\/6&#8243;][\/vc_column][\/vc_row][vc_row][vc_column width=&#8221;1\/6&#8243;][\/vc_column][vc_column width=&#8221;2\/3&#8243; offset=&#8221;vc_hidden-lg vc_hidden-md vc_hidden-sm&#8221;][vc_column_text] We make personalized self-adhesive decals in high-quality vinyl &hellip; <a href=\"https:\/\/mazdel.com\/en\/calcomanias-industriales\/\">Readmore<\/a><\/p>\n","protected":false},"author":2,"featured_media":13906,"parent":0,"menu_order":0,"comment_status":"closed","ping_status":"closed","template":"","meta":{"_joinchat":[],"footnotes":""},"class_list":["post-13897","page","type-page","status-publish","has-post-thumbnail","hentry"],"yoast_head":"<!-- This site is optimized with the Yoast SEO plugin v26.7 - https:\/\/yoast.com\/wordpress\/plugins\/seo\/ -->\n<title>Industrial Decal Manufacturing | Mazdel<\/title>\n<meta name=\"description\" content=\"Leading the market in industrial decal manufacturing for B2B sectors. High-quality screen printing and UV ink solutions for branding.\" \/>\n<meta name=\"robots\" content=\"index, follow, max-snippet:-1, max-image-preview:large, max-video-preview:-1\" \/>\n<link rel=\"canonical\" href=\"https:\/\/mazdel.com\/en\/calcomanias-industriales\/\" \/>\n<meta property=\"og:locale\" content=\"en_US\" \/>\n<meta property=\"og:locale:alternate\" content=\"es_CO\" \/>\n<meta property=\"og:type\" content=\"article\" \/>\n<meta property=\"og:title\" content=\"Industrial Decal Manufacturing | Mazdel\" \/>\n<meta property=\"og:description\" content=\"Leading the market in industrial decal manufacturing for B2B sectors. High-quality screen printing and UV ink solutions for branding.\" \/>\n<meta property=\"og:url\" content=\"https:\/\/mazdel.com\/en\/calcomanias-industriales\/\" \/>\n<meta property=\"og:site_name\" content=\"MAZDEL\" \/>\n<meta property=\"article:publisher\" content=\"https:\/\/www.facebook.com\/mazdelplazas\" \/>\n<meta property=\"article:modified_time\" content=\"2026-02-26T21:55:07+00:00\" \/>\n<meta name=\"twitter:card\" content=\"summary_large_image\" \/>\n<meta name=\"twitter:label1\" content=\"Est. reading time\" \/>\n\t<meta name=\"twitter:data1\" content=\"4 minutes\" \/>\n<script type=\"application\/ld+json\" class=\"yoast-schema-graph\">{\"@context\":\"https:\/\/schema.org\",\"@graph\":[{\"@type\":\"WebPage\",\"@id\":\"https:\/\/mazdel.com\/en\/calcomanias-industriales\/\",\"url\":\"https:\/\/mazdel.com\/en\/calcomanias-industriales\/\",\"name\":\"Industrial Decal Manufacturing | Mazdel\",\"isPartOf\":{\"@id\":\"https:\/\/mazdel.com\/#website\"},\"primaryImageOfPage\":{\"@id\":\"https:\/\/mazdel.com\/en\/calcomanias-industriales\/#primaryimage\"},\"image\":{\"@id\":\"https:\/\/mazdel.com\/en\/calcomanias-industriales\/#primaryimage\"},\"thumbnailUrl\":\"\",\"datePublished\":\"2024-10-04T19:07:10+00:00\",\"dateModified\":\"2026-02-26T21:55:07+00:00\",\"description\":\"Leading the market in industrial decal manufacturing for B2B sectors. High-quality screen printing and UV ink solutions for branding.\",\"breadcrumb\":{\"@id\":\"https:\/\/mazdel.com\/en\/calcomanias-industriales\/#breadcrumb\"},\"inLanguage\":\"en-US\",\"potentialAction\":[{\"@type\":\"ReadAction\",\"target\":[\"https:\/\/mazdel.com\/en\/calcomanias-industriales\/\"]}]},{\"@type\":\"ImageObject\",\"inLanguage\":\"en-US\",\"@id\":\"https:\/\/mazdel.com\/en\/calcomanias-industriales\/#primaryimage\",\"url\":\"\",\"contentUrl\":\"\"},{\"@type\":\"BreadcrumbList\",\"@id\":\"https:\/\/mazdel.com\/en\/calcomanias-industriales\/#breadcrumb\",\"itemListElement\":[{\"@type\":\"ListItem\",\"position\":1,\"name\":\"Home\",\"item\":\"https:\/\/mazdel.com\/en\/\"},{\"@type\":\"ListItem\",\"position\":2,\"name\":\"Calcoman\u00edas\"}]},{\"@type\":\"WebSite\",\"@id\":\"https:\/\/mazdel.com\/#website\",\"url\":\"https:\/\/mazdel.com\/\",\"name\":\"MAZDEL\",\"description\":\"Emblemas Industriales y Calcoman\u00edas\",\"publisher\":{\"@id\":\"https:\/\/mazdel.com\/#organization\"},\"potentialAction\":[{\"@type\":\"SearchAction\",\"target\":{\"@type\":\"EntryPoint\",\"urlTemplate\":\"https:\/\/mazdel.com\/?s={search_term_string}\"},\"query-input\":{\"@type\":\"PropertyValueSpecification\",\"valueRequired\":true,\"valueName\":\"search_term_string\"}}],\"inLanguage\":\"en-US\"},{\"@type\":\"Organization\",\"@id\":\"https:\/\/mazdel.com\/#organization\",\"name\":\"Mazdel\",\"url\":\"https:\/\/mazdel.com\/\",\"logo\":{\"@type\":\"ImageObject\",\"inLanguage\":\"en-US\",\"@id\":\"https:\/\/mazdel.com\/#\/schema\/logo\/image\/\",\"url\":\"https:\/\/mazdel.com\/wp-content\/uploads\/2020\/03\/logo-mazdel-3.png\",\"contentUrl\":\"https:\/\/mazdel.com\/wp-content\/uploads\/2020\/03\/logo-mazdel-3.png\",\"width\":270,\"height\":100,\"caption\":\"Mazdel\"},\"image\":{\"@id\":\"https:\/\/mazdel.com\/#\/schema\/logo\/image\/\"},\"sameAs\":[\"https:\/\/www.facebook.com\/mazdelplazas\",\"https:\/\/www.instagram.com\/mazdelemblemas\/\",\"https:\/\/www.youtube.com\/user\/mazdel321\"]}]}<\/script>\n<!-- \/ Yoast SEO plugin. -->","yoast_head_json":{"title":"Industrial Decal Manufacturing | Mazdel","description":"Leading the market in industrial decal manufacturing for B2B sectors. High-quality screen printing and UV ink solutions for branding.","robots":{"index":"index","follow":"follow","max-snippet":"max-snippet:-1","max-image-preview":"max-image-preview:large","max-video-preview":"max-video-preview:-1"},"canonical":"https:\/\/mazdel.com\/en\/calcomanias-industriales\/","og_locale":"en_US","og_type":"article","og_title":"[:es]Fabricaci\u00f3n Industrial de Calcoman\u00edas | Mazdel[:en]Industrial Decal Manufacturing | Mazdel[:]","og_description":"[:es]Especialistas en la fabricaci\u00f3n industrial de calcoman\u00edas de alta resistencia. Tintas UV y materiales de alta calidad para uso en exteriores.[:en]Leading the market in industrial decal manufacturing for B2B sectors. High-quality screen printing and UV ink solutions for branding.[:]","og_url":"https:\/\/mazdel.com\/en\/calcomanias-industriales\/","og_site_name":"MAZDEL","article_publisher":"https:\/\/www.facebook.com\/mazdelplazas","article_modified_time":"2026-02-26T21:55:07+00:00","twitter_card":"summary_large_image","twitter_misc":{"Est. reading time":"4 minutes"},"schema":{"@context":"https:\/\/schema.org","@graph":[{"@type":"WebPage","@id":"https:\/\/mazdel.com\/en\/calcomanias-industriales\/","url":"https:\/\/mazdel.com\/en\/calcomanias-industriales\/","name":"Industrial Decal Manufacturing | Mazdel","isPartOf":{"@id":"https:\/\/mazdel.com\/#website"},"primaryImageOfPage":{"@id":"https:\/\/mazdel.com\/en\/calcomanias-industriales\/#primaryimage"},"image":{"@id":"https:\/\/mazdel.com\/en\/calcomanias-industriales\/#primaryimage"},"thumbnailUrl":"","datePublished":"2024-10-04T19:07:10+00:00","dateModified":"2026-02-26T21:55:07+00:00","description":"Leading the market in industrial decal manufacturing for B2B sectors. High-quality screen printing and UV ink solutions for branding.","breadcrumb":{"@id":"https:\/\/mazdel.com\/en\/calcomanias-industriales\/#breadcrumb"},"inLanguage":"en-US","potentialAction":[{"@type":"ReadAction","target":["https:\/\/mazdel.com\/en\/calcomanias-industriales\/"]}]},{"@type":"ImageObject","inLanguage":"en-US","@id":"https:\/\/mazdel.com\/en\/calcomanias-industriales\/#primaryimage","url":"","contentUrl":""},{"@type":"BreadcrumbList","@id":"https:\/\/mazdel.com\/en\/calcomanias-industriales\/#breadcrumb","itemListElement":[{"@type":"ListItem","position":1,"name":"Home","item":"https:\/\/mazdel.com\/en\/"},{"@type":"ListItem","position":2,"name":"Calcoman\u00edas"}]},{"@type":"WebSite","@id":"https:\/\/mazdel.com\/#website","url":"https:\/\/mazdel.com\/","name":"MAZDEL","description":"Emblemas Industriales y Calcoman\u00edas","publisher":{"@id":"https:\/\/mazdel.com\/#organization"},"potentialAction":[{"@type":"SearchAction","target":{"@type":"EntryPoint","urlTemplate":"https:\/\/mazdel.com\/?s={search_term_string}"},"query-input":{"@type":"PropertyValueSpecification","valueRequired":true,"valueName":"search_term_string"}}],"inLanguage":"en-US"},{"@type":"Organization","@id":"https:\/\/mazdel.com\/#organization","name":"Mazdel","url":"https:\/\/mazdel.com\/","logo":{"@type":"ImageObject","inLanguage":"en-US","@id":"https:\/\/mazdel.com\/#\/schema\/logo\/image\/","url":"https:\/\/mazdel.com\/wp-content\/uploads\/2020\/03\/logo-mazdel-3.png","contentUrl":"https:\/\/mazdel.com\/wp-content\/uploads\/2020\/03\/logo-mazdel-3.png","width":270,"height":100,"caption":"Mazdel"},"image":{"@id":"https:\/\/mazdel.com\/#\/schema\/logo\/image\/"},"sameAs":["https:\/\/www.facebook.com\/mazdelplazas","https:\/\/www.instagram.com\/mazdelemblemas\/","https:\/\/www.youtube.com\/user\/mazdel321"]}]}},"_links":{"self":[{"href":"https:\/\/mazdel.com\/en\/wp-json\/wp\/v2\/pages\/13897","targetHints":{"allow":["GET"]}}],"collection":[{"href":"https:\/\/mazdel.com\/en\/wp-json\/wp\/v2\/pages"}],"about":[{"href":"https:\/\/mazdel.com\/en\/wp-json\/wp\/v2\/types\/page"}],"author":[{"embeddable":true,"href":"https:\/\/mazdel.com\/en\/wp-json\/wp\/v2\/users\/2"}],"replies":[{"embeddable":true,"href":"https:\/\/mazdel.com\/en\/wp-json\/wp\/v2\/comments?post=13897"}],"version-history":[{"count":52,"href":"https:\/\/mazdel.com\/en\/wp-json\/wp\/v2\/pages\/13897\/revisions"}],"predecessor-version":[{"id":15565,"href":"https:\/\/mazdel.com\/en\/wp-json\/wp\/v2\/pages\/13897\/revisions\/15565"}],"wp:featuredmedia":[{"embeddable":true,"href":"https:\/\/mazdel.com\/en\/wp-json\/"}],"wp:attachment":[{"href":"https:\/\/mazdel.com\/en\/wp-json\/wp\/v2\/media?parent=13897"}],"curies":[{"name":"wp","href":"https:\/\/api.w.org\/{rel}","templated":true}]}}