{"id":13973,"date":"2024-10-07T08:37:30","date_gmt":"2024-10-07T14:07:30","guid":{"rendered":"https:\/\/mazdel.com\/?page_id=13973"},"modified":"2026-02-26T16:08:25","modified_gmt":"2026-02-26T21:38:25","slug":"servicio-de-cromado","status":"publish","type":"page","link":"https:\/\/mazdel.com\/en\/servicio-de-cromado\/","title":{"rendered":"Cromado de Piezas"},"content":{"rendered":"<section class=\"wpb-content-wrapper\"><p>[vc_row][vc_column][vc_custom_heading text=&#8221;CHROME SERVICE&#8221; font_container=&#8221;tag:h1|font_size:46|text_align:center|color:%23a02323&#8243; google_fonts=&#8221;font_family:Basic%3Aregular|font_style:400%20regular%3A400%3Anormal&#8221;][\/vc_column][\/vc_row][vc_row][vc_column width=&#8221;1\/6&#8243;][\/vc_column][vc_column width=&#8221;2\/3&#8243; offset=&#8221;vc_hidden-xs&#8221;][vc_column_text]<\/p>\n<h4 style=\"text-align: center;\"><span style=\"font-family: 'trebuchet ms', geneva, sans-serif; font-size: 18pt;\">Chrome plating service for ABS plastic parts with galvanic coating<\/span><\/h4>\n<p>[\/vc_column_text][\/vc_column][vc_column width=&#8221;1\/6&#8243;][\/vc_column][\/vc_row][vc_row][vc_column width=&#8221;1\/6&#8243;][\/vc_column][vc_column width=&#8221;2\/3&#8243; offset=&#8221;vc_hidden-lg vc_hidden-md vc_hidden-sm&#8221;][vc_column_text]<\/p>\n<h4 style=\"text-align: center;\"><span style=\"font-family: 'trebuchet ms', geneva, sans-serif; font-size: 12pt;\">Chrome plating service for ABS plastic parts with galvanic coating<\/span><\/h4>\n<p>[\/vc_column_text][\/vc_column][vc_column width=&#8221;1\/6&#8243;][\/vc_column][\/vc_row][vc_row][vc_column offset=&#8221;vc_hidden-xs&#8221;][vc_images_carousel images=&#8221;14482,14484,14480,14478&#8243; img_size=&#8221;full&#8221; slides_per_view=&#8221;3&#8243; hide_pagination_control=&#8221;yes&#8221; wrap=&#8221;yes&#8221;][\/vc_column][\/vc_row][vc_row][vc_column offset=&#8221;vc_hidden-lg vc_hidden-md vc_hidden-sm&#8221;][vc_images_carousel images=&#8221;14482,14484,14480,14478&#8243; img_size=&#8221;full&#8221; mode=&#8221;vertical&#8221; hide_pagination_control=&#8221;yes&#8221; wrap=&#8221;yes&#8221;][\/vc_column][\/vc_row][vc_row][vc_column width=&#8221;1\/6&#8243;][\/vc_column][vc_column width=&#8221;2\/3&#8243;][vc_column_text]<\/p>\n<div class=\"x-text cs-ta-justify\" style=\"text-align: justify;\"><span style=\"font-size: 14pt;\">We offer service and advice for chrome plating ABS plastic parts. Located in Bogot\u00e1, Colombia, our trivalent chromium plant enables high current efficiency for guaranteed adhesion of chromium particles. The properties of chrome plating are used in various applications such as appliances, bathrooms, faucets and automotive parts.<\/span><\/div>\n<p>[\/vc_column_text][\/vc_column][vc_column width=&#8221;1\/6&#8243;][\/vc_column][\/vc_row][vc_row full_width=&#8221;stretch_row&#8221; css=&#8221;.vc_custom_1733515056938{background-color: #efefef !important;}&#8221;][vc_column width=&#8221;1\/4&#8243;][\/vc_column][vc_column width=&#8221;1\/2&#8243;][vc_video link=&#8221;https:\/\/www.youtube.com\/watch?v=H1AhmPIG4rw&#038;t=2s&#038;ab_channel=Mazdel&#8221; el_aspect=&#8221;43&#8243; align=&#8221;center&#8221;][\/vc_column][vc_column width=&#8221;1\/4&#8243;][\/vc_column][\/vc_row][vc_row][vc_column width=&#8221;1\/6&#8243;][\/vc_column][vc_column width=&#8221;2\/3&#8243;][vc_column_text]<\/p>\n<p style=\"text-align: justify;\"><span style=\"font-size: 14pt;\">MAZDEL production line offers you an ally for the chrome plating of parts at an industrial and wholesale level. Chrome applications can later be enhanced with our painting and stamping services, generating finishes for a diverse range of applications.<\/span><\/p>\n<p>[\/vc_column_text][\/vc_column][vc_column width=&#8221;1\/6&#8243;][\/vc_column][\/vc_row][vc_row][vc_column][vc_btn title=&#8221;QUOTE&#8221; style=&#8221;custom&#8221; custom_background=&#8221;#990000&#8243; custom_text=&#8221;#ffffff&#8221; align=&#8221;center&#8221; link=&#8221;url:https%3A%2F%2Fmazdel.com%2Fen%2Fdiseno-de-emblemas%2F|title:Dise%C3%B1a%20tu%20Marca&#8221;][vc_empty_space height=&#8221;64&#8243;][\/vc_column][\/vc_row]<\/p>\n<\/section>","protected":false},"excerpt":{"rendered":"<p>[vc_row][vc_column][vc_custom_heading text=&#8221;CHROME SERVICE&#8221; font_container=&#8221;tag:h1|font_size:46|text_align:center|color:%23a02323&#8243; google_fonts=&#8221;font_family:Basic%3Aregular|font_style:400%20regular%3A400%3Anormal&#8221;][\/vc_column][\/vc_row][vc_row][vc_column width=&#8221;1\/6&#8243;][\/vc_column][vc_column width=&#8221;2\/3&#8243; offset=&#8221;vc_hidden-xs&#8221;][vc_column_text] Chrome plating service for ABS plastic parts with galvanic coating [\/vc_column_text][\/vc_column][vc_column width=&#8221;1\/6&#8243;][\/vc_column][\/vc_row][vc_row][vc_column width=&#8221;1\/6&#8243;][\/vc_column][vc_column width=&#8221;2\/3&#8243; offset=&#8221;vc_hidden-lg vc_hidden-md vc_hidden-sm&#8221;][vc_column_text] Chrome plating service for ABS plastic parts with galvanic coating [\/vc_column_text][\/vc_column][vc_column width=&#8221;1\/6&#8243;][\/vc_column][\/vc_row][vc_row][vc_column offset=&#8221;vc_hidden-xs&#8221;][vc_images_carousel images=&#8221;14482,14484,14480,14478&#8243; img_size=&#8221;full&#8221; &hellip; <a href=\"https:\/\/mazdel.com\/en\/servicio-de-cromado\/\">Readmore<\/a><\/p>\n","protected":false},"author":2,"featured_media":13981,"parent":0,"menu_order":0,"comment_status":"closed","ping_status":"closed","template":"","meta":{"_joinchat":[],"footnotes":""},"class_list":["post-13973","page","type-page","status-publish","has-post-thumbnail","hentry"],"yoast_head":"<!-- This site is optimized with the Yoast SEO plugin v26.7 - https:\/\/yoast.com\/wordpress\/plugins\/seo\/ -->\n<title>Servicio de cromado en Bogot\u00e1 ,Colombia - MAZDEL<\/title>\n<meta name=\"description\" content=\"Servicio de cromado en pl\u00e1stico ABS %%sep%% Acabados met\u00e1licos y brillantes %%sep%% Cromado industrial %%sep%% Bogot\u00e1, Colombia\" \/>\n<meta name=\"robots\" content=\"index, follow, max-snippet:-1, max-image-preview:large, max-video-preview:-1\" \/>\n<link rel=\"canonical\" href=\"https:\/\/mazdel.com\/en\/servicio-de-cromado\/\" \/>\n<meta property=\"og:locale\" content=\"en_US\" \/>\n<meta property=\"og:locale:alternate\" content=\"es_CO\" \/>\n<meta property=\"og:type\" content=\"article\" \/>\n<meta property=\"og:title\" content=\"Servicio de cromado en Bogot\u00e1 ,Colombia - MAZDEL\" \/>\n<meta property=\"og:description\" content=\"Servicio de cromado en pl\u00e1stico ABS - Acabados met\u00e1licos y brillantes - Cromado industrial - Bogot\u00e1, Colombia\" \/>\n<meta property=\"og:url\" content=\"https:\/\/mazdel.com\/en\/servicio-de-cromado\/\" \/>\n<meta property=\"og:site_name\" content=\"MAZDEL\" \/>\n<meta property=\"article:publisher\" content=\"https:\/\/www.facebook.com\/mazdelplazas\" \/>\n<meta property=\"article:modified_time\" content=\"2026-02-26T21:38:25+00:00\" \/>\n<meta name=\"twitter:card\" content=\"summary_large_image\" \/>\n<meta name=\"twitter:label1\" content=\"Est. reading time\" \/>\n\t<meta name=\"twitter:data1\" content=\"3 minutes\" \/>\n<script type=\"application\/ld+json\" class=\"yoast-schema-graph\">{\"@context\":\"https:\/\/schema.org\",\"@graph\":[{\"@type\":\"WebPage\",\"@id\":\"https:\/\/mazdel.com\/en\/servicio-de-cromado\/\",\"url\":\"https:\/\/mazdel.com\/en\/servicio-de-cromado\/\",\"name\":\"Servicio de cromado en Bogot\u00e1 ,Colombia - MAZDEL\",\"isPartOf\":{\"@id\":\"https:\/\/mazdel.com\/#website\"},\"primaryImageOfPage\":{\"@id\":\"https:\/\/mazdel.com\/en\/servicio-de-cromado\/#primaryimage\"},\"image\":{\"@id\":\"https:\/\/mazdel.com\/en\/servicio-de-cromado\/#primaryimage\"},\"thumbnailUrl\":\"\",\"datePublished\":\"2024-10-07T14:07:30+00:00\",\"dateModified\":\"2026-02-26T21:38:25+00:00\",\"description\":\"Servicio de cromado en pl\u00e1stico ABS - Acabados met\u00e1licos y brillantes - Cromado industrial - Bogot\u00e1, Colombia\",\"breadcrumb\":{\"@id\":\"https:\/\/mazdel.com\/en\/servicio-de-cromado\/#breadcrumb\"},\"inLanguage\":\"en-US\",\"potentialAction\":[{\"@type\":\"ReadAction\",\"target\":[\"https:\/\/mazdel.com\/en\/servicio-de-cromado\/\"]}]},{\"@type\":\"ImageObject\",\"inLanguage\":\"en-US\",\"@id\":\"https:\/\/mazdel.com\/en\/servicio-de-cromado\/#primaryimage\",\"url\":\"\",\"contentUrl\":\"\"},{\"@type\":\"BreadcrumbList\",\"@id\":\"https:\/\/mazdel.com\/en\/servicio-de-cromado\/#breadcrumb\",\"itemListElement\":[{\"@type\":\"ListItem\",\"position\":1,\"name\":\"Home\",\"item\":\"https:\/\/mazdel.com\/en\/\"},{\"@type\":\"ListItem\",\"position\":2,\"name\":\"Cromado de Piezas\"}]},{\"@type\":\"WebSite\",\"@id\":\"https:\/\/mazdel.com\/#website\",\"url\":\"https:\/\/mazdel.com\/\",\"name\":\"MAZDEL\",\"description\":\"Emblemas Industriales y Calcoman\u00edas\",\"publisher\":{\"@id\":\"https:\/\/mazdel.com\/#organization\"},\"potentialAction\":[{\"@type\":\"SearchAction\",\"target\":{\"@type\":\"EntryPoint\",\"urlTemplate\":\"https:\/\/mazdel.com\/?s={search_term_string}\"},\"query-input\":{\"@type\":\"PropertyValueSpecification\",\"valueRequired\":true,\"valueName\":\"search_term_string\"}}],\"inLanguage\":\"en-US\"},{\"@type\":\"Organization\",\"@id\":\"https:\/\/mazdel.com\/#organization\",\"name\":\"Mazdel\",\"url\":\"https:\/\/mazdel.com\/\",\"logo\":{\"@type\":\"ImageObject\",\"inLanguage\":\"en-US\",\"@id\":\"https:\/\/mazdel.com\/#\/schema\/logo\/image\/\",\"url\":\"https:\/\/mazdel.com\/wp-content\/uploads\/2020\/03\/logo-mazdel-3.png\",\"contentUrl\":\"https:\/\/mazdel.com\/wp-content\/uploads\/2020\/03\/logo-mazdel-3.png\",\"width\":270,\"height\":100,\"caption\":\"Mazdel\"},\"image\":{\"@id\":\"https:\/\/mazdel.com\/#\/schema\/logo\/image\/\"},\"sameAs\":[\"https:\/\/www.facebook.com\/mazdelplazas\",\"https:\/\/www.instagram.com\/mazdelemblemas\/\",\"https:\/\/www.youtube.com\/user\/mazdel321\"]}]}<\/script>\n<!-- \/ Yoast SEO plugin. -->","yoast_head_json":{"title":"Servicio de cromado en Bogot\u00e1 ,Colombia - MAZDEL","description":"Servicio de cromado en pl\u00e1stico ABS %%sep%% Acabados met\u00e1licos y brillantes %%sep%% Cromado industrial %%sep%% Bogot\u00e1, Colombia","robots":{"index":"index","follow":"follow","max-snippet":"max-snippet:-1","max-image-preview":"max-image-preview:large","max-video-preview":"max-video-preview:-1"},"canonical":"https:\/\/mazdel.com\/en\/servicio-de-cromado\/","og_locale":"en_US","og_type":"article","og_title":"[:es]Servicio de cromado en Bogot\u00e1 ,Colombia - MAZDEL[:]","og_description":"[:es]Servicio de cromado en pl\u00e1stico ABS - Acabados met\u00e1licos y brillantes - Cromado industrial - Bogot\u00e1, Colombia[:]","og_url":"https:\/\/mazdel.com\/en\/servicio-de-cromado\/","og_site_name":"MAZDEL","article_publisher":"https:\/\/www.facebook.com\/mazdelplazas","article_modified_time":"2026-02-26T21:38:25+00:00","twitter_card":"summary_large_image","twitter_misc":{"Est. reading time":"3 minutes"},"schema":{"@context":"https:\/\/schema.org","@graph":[{"@type":"WebPage","@id":"https:\/\/mazdel.com\/en\/servicio-de-cromado\/","url":"https:\/\/mazdel.com\/en\/servicio-de-cromado\/","name":"Servicio de cromado en Bogot\u00e1 ,Colombia - MAZDEL","isPartOf":{"@id":"https:\/\/mazdel.com\/#website"},"primaryImageOfPage":{"@id":"https:\/\/mazdel.com\/en\/servicio-de-cromado\/#primaryimage"},"image":{"@id":"https:\/\/mazdel.com\/en\/servicio-de-cromado\/#primaryimage"},"thumbnailUrl":"","datePublished":"2024-10-07T14:07:30+00:00","dateModified":"2026-02-26T21:38:25+00:00","description":"Servicio de cromado en pl\u00e1stico ABS - Acabados met\u00e1licos y brillantes - Cromado industrial - Bogot\u00e1, Colombia","breadcrumb":{"@id":"https:\/\/mazdel.com\/en\/servicio-de-cromado\/#breadcrumb"},"inLanguage":"en-US","potentialAction":[{"@type":"ReadAction","target":["https:\/\/mazdel.com\/en\/servicio-de-cromado\/"]}]},{"@type":"ImageObject","inLanguage":"en-US","@id":"https:\/\/mazdel.com\/en\/servicio-de-cromado\/#primaryimage","url":"","contentUrl":""},{"@type":"BreadcrumbList","@id":"https:\/\/mazdel.com\/en\/servicio-de-cromado\/#breadcrumb","itemListElement":[{"@type":"ListItem","position":1,"name":"Home","item":"https:\/\/mazdel.com\/en\/"},{"@type":"ListItem","position":2,"name":"Cromado de Piezas"}]},{"@type":"WebSite","@id":"https:\/\/mazdel.com\/#website","url":"https:\/\/mazdel.com\/","name":"MAZDEL","description":"Emblemas Industriales y Calcoman\u00edas","publisher":{"@id":"https:\/\/mazdel.com\/#organization"},"potentialAction":[{"@type":"SearchAction","target":{"@type":"EntryPoint","urlTemplate":"https:\/\/mazdel.com\/?s={search_term_string}"},"query-input":{"@type":"PropertyValueSpecification","valueRequired":true,"valueName":"search_term_string"}}],"inLanguage":"en-US"},{"@type":"Organization","@id":"https:\/\/mazdel.com\/#organization","name":"Mazdel","url":"https:\/\/mazdel.com\/","logo":{"@type":"ImageObject","inLanguage":"en-US","@id":"https:\/\/mazdel.com\/#\/schema\/logo\/image\/","url":"https:\/\/mazdel.com\/wp-content\/uploads\/2020\/03\/logo-mazdel-3.png","contentUrl":"https:\/\/mazdel.com\/wp-content\/uploads\/2020\/03\/logo-mazdel-3.png","width":270,"height":100,"caption":"Mazdel"},"image":{"@id":"https:\/\/mazdel.com\/#\/schema\/logo\/image\/"},"sameAs":["https:\/\/www.facebook.com\/mazdelplazas","https:\/\/www.instagram.com\/mazdelemblemas\/","https:\/\/www.youtube.com\/user\/mazdel321"]}]}},"_links":{"self":[{"href":"https:\/\/mazdel.com\/en\/wp-json\/wp\/v2\/pages\/13973","targetHints":{"allow":["GET"]}}],"collection":[{"href":"https:\/\/mazdel.com\/en\/wp-json\/wp\/v2\/pages"}],"about":[{"href":"https:\/\/mazdel.com\/en\/wp-json\/wp\/v2\/types\/page"}],"author":[{"embeddable":true,"href":"https:\/\/mazdel.com\/en\/wp-json\/wp\/v2\/users\/2"}],"replies":[{"embeddable":true,"href":"https:\/\/mazdel.com\/en\/wp-json\/wp\/v2\/comments?post=13973"}],"version-history":[{"count":25,"href":"https:\/\/mazdel.com\/en\/wp-json\/wp\/v2\/pages\/13973\/revisions"}],"predecessor-version":[{"id":15559,"href":"https:\/\/mazdel.com\/en\/wp-json\/wp\/v2\/pages\/13973\/revisions\/15559"}],"wp:featuredmedia":[{"embeddable":true,"href":"https:\/\/mazdel.com\/en\/wp-json\/"}],"wp:attachment":[{"href":"https:\/\/mazdel.com\/en\/wp-json\/wp\/v2\/media?parent=13973"}],"curies":[{"name":"wp","href":"https:\/\/api.w.org\/{rel}","templated":true}]}}