{"id":1493,"date":"2016-10-14T02:02:22","date_gmt":"2016-10-14T02:02:22","guid":{"rendered":"https:\/\/demo.wpthemego.com\/themes\/sw_revo\/demo3\/?page_id=1493"},"modified":"2026-02-16T14:31:16","modified_gmt":"2026-02-16T20:01:16","slug":"empresa-fabricacion-emblemas","status":"publish","type":"page","link":"https:\/\/mazdel.com\/en\/empresa-fabricacion-emblemas\/","title":{"rendered":"Empresa"},"content":{"rendered":"<section class=\"wpb-content-wrapper\"><p>[vc_row el_class=&#8221;contact_us&#8221;][vc_column][vc_raw_html]JTNDZGl2JTIwY2xhc3MlM0QlMjJibG9jay1jb250YWN0JTIyJTNFJTBBJTA5JTNDZGl2JTIwY2xhc3MlM0QlMjJyb3clMjIlM0UlMEElMDklMDklM0NkaXYlMjBjbGFzcyUzRCUyMml0ZW0lMjBzdXBwb3J0JTIwY29sLWxnLTQlMjBjb2wtbWQtNCUyMGNvbC1zbS0xMiUyMiUzRSUwQSUwOSUwOSUwOSUzQ2RpdiUyMGNsYXNzJTNEJTIyaXRlbS13cmFwJTIyJTNFJTBBJTA5JTA5JTA5JTA5JTNDZGl2JTIwY2xhc3MlM0QlMjJpY29uJTIyJTNFJTNDJTJGZGl2JTNFJTNDZGl2JTIwY2xhc3MlM0QlMjJpbmZvJTIyJTNFaW5mbyU0MG1hemRlbC5jb20lM0MlMkZkaXYlM0UlMEElMDklMDklMDklM0MlMkZkaXYlM0UlMEElMDklMDklM0MlMkZkaXYlM0UlMEElMDklMDklM0NkaXYlMjBjbGFzcyUzRCUyMml0ZW0lMjBwaG9uZSUyMGNvbC1sZy00JTIwY29sLW1kLTQlMjBjb2wtc20tMTIlMjIlM0UlMEElMDklMDklMDklM0NkaXYlMjBjbGFzcyUzRCUyMml0ZW0td3JhcCUyMiUzRSUwQSUwOSUwOSUwOSUwOSUzQ2RpdiUyMGNsYXNzJTNEJTIyaWNvbiUyMiUzRSUzQyUyRmRpdiUzRSUzQ2RpdiUyMGNsYXNzJTNEJTIyaW5mbyUyMiUzRSUyQjU3JTIwMSUyMDIwMSUyMDI0NjMlM0MlMkZkaXYlM0UlMEElMDklMDklMDklM0MlMkZkaXYlM0UlMEElMDklMDklM0MlMkZkaXYlM0UlMEElMDklMDklM0NkaXYlMjBjbGFzcyUzRCUyMml0ZW0lMjBhZGRyZXNzJTIwY29sLWxnLTQlMjBjb2wtbWQtNCUyMGNvbC1zbS0xMiUyMiUzRSUwQSUwOSUwOSUwOSUzQ2RpdiUyMGNsYXNzJTNEJTIyaXRlbS13cmFwJTIyJTNFJTBBJTA5JTA5JTA5JTA5JTNDZGl2JTIwY2xhc3MlM0QlMjJpY29uJTIyJTNFJTNDJTJGZGl2JTNFJTNDZGl2JTIwY2xhc3MlM0QlMjJpbmZvJTIyJTNFQ2FsbGUlMjA1QSUyME4lQzIlQkElMjAxOUElMjAtJTIwMzYlMjAlM0NiciUzRSUyMEJvZ290JUMzJUExJTIwLSUyMENvbG9tYmlhJTNDJTJGZGl2JTNFJTBBJTA5JTA5JTA5JTNDJTJGZGl2JTNFJTBBJTA5JTA5JTNDJTJGZGl2JTNFJTBBJTA5JTNDJTJGZGl2JTNFJTBBJTNDJTJGZGl2JTNF[\/vc_raw_html][vc_empty_space height=&#8221;60&#8243;][vc_custom_heading text=&#8221;Who are we?&#8221; font_container=&#8221;tag:h1|font_size:40|text_align:center|color:%23a02323&#8243; google_fonts=&#8221;font_family:Basic%3Aregular|font_style:400%20regular%3A400%3Anormal&#8221;][vc_empty_space height=&#8221;60&#8243;][\/vc_column][\/vc_row][vc_row][vc_column width=&#8221;1\/2&#8243;][vc_empty_space height=&#8221;60&#8243;][vc_column_text]<\/p>\n<h4 style=\"text-align: justify;\">Founded in 1984 in Bogot\u00e1, Colombia by Mr. Carlos Arturo Plazas, Mazdel is a design factory that has been a pioneer in the development of emblems and decals for brand positioning in products and services. We believe in professional work that, with dedication and effort, realizes the creative ideas that each person and company has symbolized in its brand.<\/h4>\n<p>[\/vc_column_text][vc_separator color=&#8221;white&#8221; border_width=&#8221;10&#8243;][\/vc_column][vc_column width=&#8221;1\/2&#8243;][vc_single_image image=&#8221;6166&#8243; img_size=&#8221;medium&#8221; alignment=&#8221;center&#8221; style=&#8221;vc_box_rounded&#8221;][\/vc_column][\/vc_row][vc_row][vc_column][vc_empty_space][vc_custom_heading text=&#8221;MISSION&#8221; font_container=&#8221;tag:h2|font_size:46|text_align:center|color:%23a02323&#8243; google_fonts=&#8221;font_family:Basic%3Aregular|font_style:400%20regular%3A400%3Anormal&#8221; css_animation=&#8221;fadeIn&#8221;][vc_column_text]<\/p>\n<h4 style=\"text-align: justify;\">We enhance the image of our clients by manufacturing high-quality products, with innovative, reliable and transparent processes; contributing to the development of the country.<\/h4>\n<p>[\/vc_column_text][\/vc_column][\/vc_row][vc_row][vc_column][vc_custom_heading text=&#8221;VISION&#8221; font_container=&#8221;tag:h2|font_size:46|text_align:center|color:%23a02323&#8243; google_fonts=&#8221;font_family:Basic%3Aregular|font_style:400%20regular%3A400%3Anormal&#8221; css_animation=&#8221;fadeIn&#8221;][vc_column_text]<\/p>\n<h4 style=\"text-align: justify;\">Our company is projected to be chosen in 2025 for technological innovation and the quality of our products and services. Recognized for its professionalism and commitment to the environment.<\/h4>\n<p>[\/vc_column_text][vc_empty_space][vc_single_image image=&#8221;11883&#8243; img_size=&#8221;400X201&#8243; alignment=&#8221;center&#8221;][\/vc_column][\/vc_row][vc_row][vc_column][vc_empty_space][vc_empty_space][\/vc_column][\/vc_row][vc_row][vc_column][\/vc_column][\/vc_row]<\/p>\n<\/section>","protected":false},"excerpt":{"rendered":"<p>[vc_row el_class=&#8221;contact_us&#8221;][vc_column][vc_raw_html]JTNDZGl2JTIwY2xhc3MlM0QlMjJibG9jay1jb250YWN0JTIyJTNFJTBBJTA5JTNDZGl2JTIwY2xhc3MlM0QlMjJyb3clMjIlM0UlMEElMDklMDklM0NkaXYlMjBjbGFzcyUzRCUyMml0ZW0lMjBzdXBwb3J0JTIwY29sLWxnLTQlMjBjb2wtbWQtNCUyMGNvbC1zbS0xMiUyMiUzRSUwQSUwOSUwOSUwOSUzQ2RpdiUyMGNsYXNzJTNEJTIyaXRlbS13cmFwJTIyJTNFJTBBJTA5JTA5JTA5JTA5JTNDZGl2JTIwY2xhc3MlM0QlMjJpY29uJTIyJTNFJTNDJTJGZGl2JTNFJTNDZGl2JTIwY2xhc3MlM0QlMjJpbmZvJTIyJTNFaW5mbyU0MG1hemRlbC5jb20lM0MlMkZkaXYlM0UlMEElMDklMDklMDklM0MlMkZkaXYlM0UlMEElMDklMDklM0MlMkZkaXYlM0UlMEElMDklMDklM0NkaXYlMjBjbGFzcyUzRCUyMml0ZW0lMjBwaG9uZSUyMGNvbC1sZy00JTIwY29sLW1kLTQlMjBjb2wtc20tMTIlMjIlM0UlMEElMDklMDklMDklM0NkaXYlMjBjbGFzcyUzRCUyMml0ZW0td3JhcCUyMiUzRSUwQSUwOSUwOSUwOSUwOSUzQ2RpdiUyMGNsYXNzJTNEJTIyaWNvbiUyMiUzRSUzQyUyRmRpdiUzRSUzQ2RpdiUyMGNsYXNzJTNEJTIyaW5mbyUyMiUzRSUyQjU3JTIwMSUyMDIwMSUyMDI0NjMlM0MlMkZkaXYlM0UlMEElMDklMDklMDklM0MlMkZkaXYlM0UlMEElMDklMDklM0MlMkZkaXYlM0UlMEElMDklMDklM0NkaXYlMjBjbGFzcyUzRCUyMml0ZW0lMjBhZGRyZXNzJTIwY29sLWxnLTQlMjBjb2wtbWQtNCUyMGNvbC1zbS0xMiUyMiUzRSUwQSUwOSUwOSUwOSUzQ2RpdiUyMGNsYXNzJTNEJTIyaXRlbS13cmFwJTIyJTNFJTBBJTA5JTA5JTA5JTA5JTNDZGl2JTIwY2xhc3MlM0QlMjJpY29uJTIyJTNFJTNDJTJGZGl2JTNFJTNDZGl2JTIwY2xhc3MlM0QlMjJpbmZvJTIyJTNFQ2FsbGUlMjA1QSUyME4lQzIlQkElMjAxOUElMjAtJTIwMzYlMjAlM0NiciUzRSUyMEJvZ290JUMzJUExJTIwLSUyMENvbG9tYmlhJTNDJTJGZGl2JTNFJTBBJTA5JTA5JTA5JTNDJTJGZGl2JTNFJTBBJTA5JTA5JTNDJTJGZGl2JTNFJTBBJTA5JTNDJTJGZGl2JTNFJTBBJTNDJTJGZGl2JTNF[\/vc_raw_html][vc_empty_space height=&#8221;60&#8243;][vc_custom_heading text=&#8221;Who are we?&#8221; font_container=&#8221;tag:h1|font_size:40|text_align:center|color:%23a02323&#8243; google_fonts=&#8221;font_family:Basic%3Aregular|font_style:400%20regular%3A400%3Anormal&#8221;][vc_empty_space height=&#8221;60&#8243;][\/vc_column][\/vc_row][vc_row][vc_column width=&#8221;1\/2&#8243;][vc_empty_space height=&#8221;60&#8243;][vc_column_text] Founded in 1984 in Bogot\u00e1, Colombia by Mr. Carlos Arturo Plazas, Mazdel is a design factory that has been a pioneer in the development of emblems and decals for &hellip; <a href=\"https:\/\/mazdel.com\/en\/empresa-fabricacion-emblemas\/\">Readmore<\/a><\/p>\n","protected":false},"author":2,"featured_media":10028,"parent":0,"menu_order":0,"comment_status":"closed","ping_status":"closed","template":"","meta":{"_joinchat":[],"footnotes":""},"class_list":["post-1493","page","type-page","status-publish","has-post-thumbnail","hentry"],"yoast_head":"<!-- This site is optimized with the Yoast SEO plugin v26.7 - https:\/\/yoast.com\/wordpress\/plugins\/seo\/ -->\n<title>About Mazdel | Industrial Emblem Manufacturer in Colombia<\/title>\n<meta name=\"description\" content=\"Over 40 years as a leading industrial emblem manufacturer. We specialize in brand engineering and CNC mold development.\" \/>\n<meta name=\"robots\" content=\"index, follow, max-snippet:-1, max-image-preview:large, max-video-preview:-1\" \/>\n<link rel=\"canonical\" href=\"https:\/\/mazdel.com\/en\/empresa-fabricacion-emblemas\/\" \/>\n<meta property=\"og:locale\" content=\"en_US\" \/>\n<meta property=\"og:locale:alternate\" content=\"es_CO\" \/>\n<meta property=\"og:type\" content=\"article\" \/>\n<meta property=\"og:title\" content=\"About Mazdel | Industrial Emblem Manufacturer in Colombia\" \/>\n<meta property=\"og:description\" content=\"Over 40 years as a leading industrial emblem manufacturer. We specialize in brand engineering and CNC mold development.\" \/>\n<meta property=\"og:url\" content=\"https:\/\/mazdel.com\/en\/empresa-fabricacion-emblemas\/\" \/>\n<meta property=\"og:site_name\" content=\"MAZDEL\" \/>\n<meta property=\"article:publisher\" content=\"https:\/\/www.facebook.com\/mazdelplazas\" \/>\n<meta property=\"article:modified_time\" content=\"2026-02-16T20:01:16+00:00\" \/>\n<meta property=\"og:image\" content=\"https:\/\/mazdel.com\/wp-content\/uploads\/2021\/02\/logo-mazdel-3.png\" \/>\n\t<meta property=\"og:image:width\" content=\"270\" \/>\n\t<meta property=\"og:image:height\" content=\"100\" \/>\n\t<meta property=\"og:image:type\" content=\"image\/png\" \/>\n<meta name=\"twitter:card\" content=\"summary_large_image\" \/>\n<meta name=\"twitter:label1\" content=\"Est. reading time\" \/>\n\t<meta name=\"twitter:data1\" content=\"2 minutes\" \/>\n<script type=\"application\/ld+json\" class=\"yoast-schema-graph\">{\"@context\":\"https:\/\/schema.org\",\"@graph\":[{\"@type\":\"WebPage\",\"@id\":\"https:\/\/mazdel.com\/empresa-fabricacion-emblemas\/\",\"url\":\"https:\/\/mazdel.com\/empresa-fabricacion-emblemas\/\",\"name\":\"About Mazdel | Industrial Emblem Manufacturer in Colombia\",\"isPartOf\":{\"@id\":\"https:\/\/mazdel.com\/#website\"},\"primaryImageOfPage\":{\"@id\":\"https:\/\/mazdel.com\/empresa-fabricacion-emblemas\/#primaryimage\"},\"image\":{\"@id\":\"https:\/\/mazdel.com\/empresa-fabricacion-emblemas\/#primaryimage\"},\"thumbnailUrl\":\"https:\/\/mazdel.com\/wp-content\/uploads\/2021\/02\/logo-mazdel-3.png\",\"datePublished\":\"2016-10-14T02:02:22+00:00\",\"dateModified\":\"2026-02-16T20:01:16+00:00\",\"description\":\"Over 40 years as a leading industrial emblem manufacturer. We specialize in brand engineering and CNC mold development.\",\"breadcrumb\":{\"@id\":\"https:\/\/mazdel.com\/empresa-fabricacion-emblemas\/#breadcrumb\"},\"inLanguage\":\"en-US\",\"potentialAction\":[{\"@type\":\"ReadAction\",\"target\":[\"https:\/\/mazdel.com\/empresa-fabricacion-emblemas\/\"]}]},{\"@type\":\"ImageObject\",\"inLanguage\":\"en-US\",\"@id\":\"https:\/\/mazdel.com\/empresa-fabricacion-emblemas\/#primaryimage\",\"url\":\"https:\/\/mazdel.com\/wp-content\/uploads\/2021\/02\/logo-mazdel-3.png\",\"contentUrl\":\"https:\/\/mazdel.com\/wp-content\/uploads\/2021\/02\/logo-mazdel-3.png\",\"width\":270,\"height\":100,\"caption\":\"Calcomanias para carros\"},{\"@type\":\"BreadcrumbList\",\"@id\":\"https:\/\/mazdel.com\/empresa-fabricacion-emblemas\/#breadcrumb\",\"itemListElement\":[{\"@type\":\"ListItem\",\"position\":1,\"name\":\"Home\",\"item\":\"https:\/\/mazdel.com\/en\/\"},{\"@type\":\"ListItem\",\"position\":2,\"name\":\"Empresa\"}]},{\"@type\":\"WebSite\",\"@id\":\"https:\/\/mazdel.com\/#website\",\"url\":\"https:\/\/mazdel.com\/\",\"name\":\"MAZDEL\",\"description\":\"Emblemas Industriales y Calcoman\u00edas\",\"publisher\":{\"@id\":\"https:\/\/mazdel.com\/#organization\"},\"potentialAction\":[{\"@type\":\"SearchAction\",\"target\":{\"@type\":\"EntryPoint\",\"urlTemplate\":\"https:\/\/mazdel.com\/?s={search_term_string}\"},\"query-input\":{\"@type\":\"PropertyValueSpecification\",\"valueRequired\":true,\"valueName\":\"search_term_string\"}}],\"inLanguage\":\"en-US\"},{\"@type\":\"Organization\",\"@id\":\"https:\/\/mazdel.com\/#organization\",\"name\":\"Mazdel\",\"url\":\"https:\/\/mazdel.com\/\",\"logo\":{\"@type\":\"ImageObject\",\"inLanguage\":\"en-US\",\"@id\":\"https:\/\/mazdel.com\/#\/schema\/logo\/image\/\",\"url\":\"https:\/\/mazdel.com\/wp-content\/uploads\/2020\/03\/logo-mazdel-3.png\",\"contentUrl\":\"https:\/\/mazdel.com\/wp-content\/uploads\/2020\/03\/logo-mazdel-3.png\",\"width\":270,\"height\":100,\"caption\":\"Mazdel\"},\"image\":{\"@id\":\"https:\/\/mazdel.com\/#\/schema\/logo\/image\/\"},\"sameAs\":[\"https:\/\/www.facebook.com\/mazdelplazas\",\"https:\/\/www.instagram.com\/mazdelemblemas\/\",\"https:\/\/www.youtube.com\/user\/mazdel321\"]}]}<\/script>\n<!-- \/ Yoast SEO plugin. -->","yoast_head_json":{"title":"About Mazdel | Industrial Emblem Manufacturer in Colombia","description":"Over 40 years as a leading industrial emblem manufacturer. We specialize in brand engineering and CNC mold development.","robots":{"index":"index","follow":"follow","max-snippet":"max-snippet:-1","max-image-preview":"max-image-preview:large","max-video-preview":"max-video-preview:-1"},"canonical":"https:\/\/mazdel.com\/en\/empresa-fabricacion-emblemas\/","og_locale":"en_US","og_type":"article","og_title":"[:es]Mazdel | Trayectoria en Fabricaci\u00f3n de Emblemas Industriales[:en]About Mazdel | Industrial Emblem Manufacturer in Colombia[:]","og_description":"[:es]M\u00e1s de 40 a\u00f1os como fabricante de emblemas industriales en Colombia. Especialistas en ingenier\u00eda de marca y desarrollo de moldes CNC.[:en]Over 40 years as a leading industrial emblem manufacturer. We specialize in brand engineering and CNC mold development.[:]","og_url":"https:\/\/mazdel.com\/en\/empresa-fabricacion-emblemas\/","og_site_name":"MAZDEL","article_publisher":"https:\/\/www.facebook.com\/mazdelplazas","article_modified_time":"2026-02-16T20:01:16+00:00","og_image":[{"width":270,"height":100,"url":"https:\/\/mazdel.com\/wp-content\/uploads\/2021\/02\/logo-mazdel-3.png","type":"image\/png"}],"twitter_card":"summary_large_image","twitter_misc":{"Est. reading time":"2 minutes"},"schema":{"@context":"https:\/\/schema.org","@graph":[{"@type":"WebPage","@id":"https:\/\/mazdel.com\/empresa-fabricacion-emblemas\/","url":"https:\/\/mazdel.com\/empresa-fabricacion-emblemas\/","name":"About Mazdel | Industrial Emblem Manufacturer in Colombia","isPartOf":{"@id":"https:\/\/mazdel.com\/#website"},"primaryImageOfPage":{"@id":"https:\/\/mazdel.com\/empresa-fabricacion-emblemas\/#primaryimage"},"image":{"@id":"https:\/\/mazdel.com\/empresa-fabricacion-emblemas\/#primaryimage"},"thumbnailUrl":"https:\/\/mazdel.com\/wp-content\/uploads\/2021\/02\/logo-mazdel-3.png","datePublished":"2016-10-14T02:02:22+00:00","dateModified":"2026-02-16T20:01:16+00:00","description":"Over 40 years as a leading industrial emblem manufacturer. We specialize in brand engineering and CNC mold development.","breadcrumb":{"@id":"https:\/\/mazdel.com\/empresa-fabricacion-emblemas\/#breadcrumb"},"inLanguage":"en-US","potentialAction":[{"@type":"ReadAction","target":["https:\/\/mazdel.com\/empresa-fabricacion-emblemas\/"]}]},{"@type":"ImageObject","inLanguage":"en-US","@id":"https:\/\/mazdel.com\/empresa-fabricacion-emblemas\/#primaryimage","url":"https:\/\/mazdel.com\/wp-content\/uploads\/2021\/02\/logo-mazdel-3.png","contentUrl":"https:\/\/mazdel.com\/wp-content\/uploads\/2021\/02\/logo-mazdel-3.png","width":270,"height":100,"caption":"Calcomanias para carros"},{"@type":"BreadcrumbList","@id":"https:\/\/mazdel.com\/empresa-fabricacion-emblemas\/#breadcrumb","itemListElement":[{"@type":"ListItem","position":1,"name":"Home","item":"https:\/\/mazdel.com\/en\/"},{"@type":"ListItem","position":2,"name":"Empresa"}]},{"@type":"WebSite","@id":"https:\/\/mazdel.com\/#website","url":"https:\/\/mazdel.com\/","name":"MAZDEL","description":"Emblemas Industriales y Calcoman\u00edas","publisher":{"@id":"https:\/\/mazdel.com\/#organization"},"potentialAction":[{"@type":"SearchAction","target":{"@type":"EntryPoint","urlTemplate":"https:\/\/mazdel.com\/?s={search_term_string}"},"query-input":{"@type":"PropertyValueSpecification","valueRequired":true,"valueName":"search_term_string"}}],"inLanguage":"en-US"},{"@type":"Organization","@id":"https:\/\/mazdel.com\/#organization","name":"Mazdel","url":"https:\/\/mazdel.com\/","logo":{"@type":"ImageObject","inLanguage":"en-US","@id":"https:\/\/mazdel.com\/#\/schema\/logo\/image\/","url":"https:\/\/mazdel.com\/wp-content\/uploads\/2020\/03\/logo-mazdel-3.png","contentUrl":"https:\/\/mazdel.com\/wp-content\/uploads\/2020\/03\/logo-mazdel-3.png","width":270,"height":100,"caption":"Mazdel"},"image":{"@id":"https:\/\/mazdel.com\/#\/schema\/logo\/image\/"},"sameAs":["https:\/\/www.facebook.com\/mazdelplazas","https:\/\/www.instagram.com\/mazdelemblemas\/","https:\/\/www.youtube.com\/user\/mazdel321"]}]}},"_links":{"self":[{"href":"https:\/\/mazdel.com\/en\/wp-json\/wp\/v2\/pages\/1493","targetHints":{"allow":["GET"]}}],"collection":[{"href":"https:\/\/mazdel.com\/en\/wp-json\/wp\/v2\/pages"}],"about":[{"href":"https:\/\/mazdel.com\/en\/wp-json\/wp\/v2\/types\/page"}],"author":[{"embeddable":true,"href":"https:\/\/mazdel.com\/en\/wp-json\/wp\/v2\/users\/2"}],"replies":[{"embeddable":true,"href":"https:\/\/mazdel.com\/en\/wp-json\/wp\/v2\/comments?post=1493"}],"version-history":[{"count":6,"href":"https:\/\/mazdel.com\/en\/wp-json\/wp\/v2\/pages\/1493\/revisions"}],"predecessor-version":[{"id":15531,"href":"https:\/\/mazdel.com\/en\/wp-json\/wp\/v2\/pages\/1493\/revisions\/15531"}],"wp:featuredmedia":[{"embeddable":true,"href":"https:\/\/mazdel.com\/en\/wp-json\/wp\/v2\/media\/10028"}],"wp:attachment":[{"href":"https:\/\/mazdel.com\/en\/wp-json\/wp\/v2\/media?parent=1493"}],"curies":[{"name":"wp","href":"https:\/\/api.w.org\/{rel}","templated":true}]}}