{"id":1736,"date":"2016-11-02T03:46:58","date_gmt":"2016-11-02T03:46:58","guid":{"rendered":"https:\/\/demo.wpthemego.com\/themes\/sw_revo\/demo3\/?page_id=1736"},"modified":"2024-12-03T08:23:44","modified_gmt":"2024-12-03T13:53:44","slug":"servicios","status":"publish","type":"page","link":"https:\/\/mazdel.com\/en\/servicios\/","title":{"rendered":"SERVICIOS"},"content":{"rendered":"<section class=\"wpb-content-wrapper\"><p>[vc_row][vc_column][vc_column_text]<\/p>\n<h1>SERVICIOS<\/h1>\n<p>[\/vc_column_text][portfolio portfolio_id=&#8221;,servicios&#8221; number=&#8221;6&#8243; col1=&#8221;2&#8243; col2=&#8221;2&#8243; col3=&#8221;2&#8243; col4=&#8221;1&#8243; col5=&#8221;1&#8243; show_tab=&#8221;no&#8221; show_loadmore=&#8221;no&#8221;][\/vc_column][\/vc_row]<\/p>\n<\/section>","protected":false},"excerpt":{"rendered":"<p>[vc_row][vc_column][vc_column_text] SERVICIOS [\/vc_column_text][portfolio portfolio_id=&#8221;,servicios&#8221; number=&#8221;6&#8243; col1=&#8221;2&#8243; col2=&#8221;2&#8243; col3=&#8221;2&#8243; col4=&#8221;1&#8243; col5=&#8221;1&#8243; show_tab=&#8221;no&#8221; show_loadmore=&#8221;no&#8221;][\/vc_column][\/vc_row]<\/p>\n","protected":false},"author":2,"featured_media":0,"parent":0,"menu_order":0,"comment_status":"closed","ping_status":"closed","template":"","meta":{"_joinchat":[],"footnotes":""},"class_list":["post-1736","page","type-page","status-publish","hentry"],"yoast_head":"<!-- This site is optimized with the Yoast SEO plugin v26.7 - https:\/\/yoast.com\/wordpress\/plugins\/seo\/ -->\n<title>SERVICIOSSERVICIOS<\/title>\n<meta name=\"description\" content=\"Our %%title%%: CHROME SERVICE - DOME SERVICE - LASER CUT - MOLD INYECTION - PAINTING SERVICE : More than 25 years of quality Advertising Design services in Bogot\u00e1\" \/>\n<meta name=\"robots\" content=\"noindex, nofollow\" \/>\n<meta property=\"og:locale\" content=\"en_US\" \/>\n<meta property=\"og:locale:alternate\" content=\"es_CO\" \/>\n<meta property=\"og:type\" content=\"article\" \/>\n<meta property=\"og:title\" content=\"SERVICIOSSERVICIOS\" \/>\n<meta property=\"og:description\" content=\"Our\" \/>\n<meta property=\"og:url\" content=\"https:\/\/mazdel.com\/en\/servicios\/\" \/>\n<meta property=\"og:site_name\" content=\"MAZDEL\" \/>\n<meta property=\"article:publisher\" content=\"https:\/\/www.facebook.com\/mazdelplazas\" \/>\n<meta property=\"article:modified_time\" content=\"2024-12-03T13:53:44+00:00\" \/>\n<meta name=\"twitter:card\" content=\"summary_large_image\" \/>\n<meta name=\"twitter:label1\" content=\"Est. reading time\" \/>\n\t<meta name=\"twitter:data1\" content=\"1 minute\" \/>\n<script type=\"application\/ld+json\" class=\"yoast-schema-graph\">{\"@context\":\"https:\/\/schema.org\",\"@graph\":[{\"@type\":\"WebPage\",\"@id\":\"https:\/\/mazdel.com\/servicios\/\",\"url\":\"https:\/\/mazdel.com\/servicios\/\",\"name\":\"SERVICIOSSERVICIOS\",\"isPartOf\":{\"@id\":\"https:\/\/mazdel.com\/#website\"},\"datePublished\":\"2016-11-02T03:46:58+00:00\",\"dateModified\":\"2024-12-03T13:53:44+00:00\",\"description\":\"Our\",\"breadcrumb\":{\"@id\":\"https:\/\/mazdel.com\/servicios\/#breadcrumb\"},\"inLanguage\":\"en-US\",\"potentialAction\":[{\"@type\":\"ReadAction\",\"target\":[\"https:\/\/mazdel.com\/servicios\/\"]}]},{\"@type\":\"BreadcrumbList\",\"@id\":\"https:\/\/mazdel.com\/servicios\/#breadcrumb\",\"itemListElement\":[{\"@type\":\"ListItem\",\"position\":1,\"name\":\"Home\",\"item\":\"https:\/\/mazdel.com\/en\/\"},{\"@type\":\"ListItem\",\"position\":2,\"name\":\"SERVICIOS\"}]},{\"@type\":\"WebSite\",\"@id\":\"https:\/\/mazdel.com\/#website\",\"url\":\"https:\/\/mazdel.com\/\",\"name\":\"MAZDEL\",\"description\":\"Emblemas Industriales y Calcoman\u00edas\",\"publisher\":{\"@id\":\"https:\/\/mazdel.com\/#organization\"},\"potentialAction\":[{\"@type\":\"SearchAction\",\"target\":{\"@type\":\"EntryPoint\",\"urlTemplate\":\"https:\/\/mazdel.com\/?s={search_term_string}\"},\"query-input\":{\"@type\":\"PropertyValueSpecification\",\"valueRequired\":true,\"valueName\":\"search_term_string\"}}],\"inLanguage\":\"en-US\"},{\"@type\":\"Organization\",\"@id\":\"https:\/\/mazdel.com\/#organization\",\"name\":\"Mazdel\",\"url\":\"https:\/\/mazdel.com\/\",\"logo\":{\"@type\":\"ImageObject\",\"inLanguage\":\"en-US\",\"@id\":\"https:\/\/mazdel.com\/#\/schema\/logo\/image\/\",\"url\":\"https:\/\/mazdel.com\/wp-content\/uploads\/2020\/03\/logo-mazdel-3.png\",\"contentUrl\":\"https:\/\/mazdel.com\/wp-content\/uploads\/2020\/03\/logo-mazdel-3.png\",\"width\":270,\"height\":100,\"caption\":\"Mazdel\"},\"image\":{\"@id\":\"https:\/\/mazdel.com\/#\/schema\/logo\/image\/\"},\"sameAs\":[\"https:\/\/www.facebook.com\/mazdelplazas\",\"https:\/\/www.instagram.com\/mazdelemblemas\/\",\"https:\/\/www.youtube.com\/user\/mazdel321\"]}]}<\/script>\n<!-- \/ Yoast SEO plugin. -->","yoast_head_json":{"title":"SERVICIOSSERVICIOS","description":"Our %%title%%: CHROME SERVICE - DOME SERVICE - LASER CUT - MOLD INYECTION - PAINTING SERVICE : More than 25 years of quality Advertising Design services in Bogot\u00e1","robots":{"index":"noindex","follow":"nofollow"},"og_locale":"en_US","og_type":"article","og_title":"[:es][:es]SERVICIOS[:] DE DISE\u00d1O PUBLICITARIO - El dise\u00f1o de tu marca - MAZDEL[:en][:es]SERVICIOS[:] - Advertising Design - Bogot\u00e1 , Colombia - MAZDEL[:]","og_description":"[:es][:es]SERVICIOS[:] DISE\u00d1O PUBLICITARIO: Servicio de CROMADO - Servicio de Domes - Servicio de Inyecci\u00f3n - Corte L\u00e1ser - Servicio de Pintura - Bogot\u00e1, Colombia[:en]Our [:es]SERVICIOS[:]: CHROME SERVICE - DOME SERVICE - LASER CUT - MOLD INYECTION - PAINTING SERVICE : More than 25 years of quality Advertising Design services in Bogot\u00e1[:]","og_url":"https:\/\/mazdel.com\/en\/servicios\/","og_site_name":"MAZDEL","article_publisher":"https:\/\/www.facebook.com\/mazdelplazas","article_modified_time":"2024-12-03T13:53:44+00:00","twitter_card":"summary_large_image","twitter_misc":{"Est. reading time":"1 minute"},"schema":{"@context":"https:\/\/schema.org","@graph":[{"@type":"WebPage","@id":"https:\/\/mazdel.com\/servicios\/","url":"https:\/\/mazdel.com\/servicios\/","name":"SERVICIOSSERVICIOS","isPartOf":{"@id":"https:\/\/mazdel.com\/#website"},"datePublished":"2016-11-02T03:46:58+00:00","dateModified":"2024-12-03T13:53:44+00:00","description":"Our","breadcrumb":{"@id":"https:\/\/mazdel.com\/servicios\/#breadcrumb"},"inLanguage":"en-US","potentialAction":[{"@type":"ReadAction","target":["https:\/\/mazdel.com\/servicios\/"]}]},{"@type":"BreadcrumbList","@id":"https:\/\/mazdel.com\/servicios\/#breadcrumb","itemListElement":[{"@type":"ListItem","position":1,"name":"Home","item":"https:\/\/mazdel.com\/en\/"},{"@type":"ListItem","position":2,"name":"SERVICIOS"}]},{"@type":"WebSite","@id":"https:\/\/mazdel.com\/#website","url":"https:\/\/mazdel.com\/","name":"MAZDEL","description":"Emblemas Industriales y Calcoman\u00edas","publisher":{"@id":"https:\/\/mazdel.com\/#organization"},"potentialAction":[{"@type":"SearchAction","target":{"@type":"EntryPoint","urlTemplate":"https:\/\/mazdel.com\/?s={search_term_string}"},"query-input":{"@type":"PropertyValueSpecification","valueRequired":true,"valueName":"search_term_string"}}],"inLanguage":"en-US"},{"@type":"Organization","@id":"https:\/\/mazdel.com\/#organization","name":"Mazdel","url":"https:\/\/mazdel.com\/","logo":{"@type":"ImageObject","inLanguage":"en-US","@id":"https:\/\/mazdel.com\/#\/schema\/logo\/image\/","url":"https:\/\/mazdel.com\/wp-content\/uploads\/2020\/03\/logo-mazdel-3.png","contentUrl":"https:\/\/mazdel.com\/wp-content\/uploads\/2020\/03\/logo-mazdel-3.png","width":270,"height":100,"caption":"Mazdel"},"image":{"@id":"https:\/\/mazdel.com\/#\/schema\/logo\/image\/"},"sameAs":["https:\/\/www.facebook.com\/mazdelplazas","https:\/\/www.instagram.com\/mazdelemblemas\/","https:\/\/www.youtube.com\/user\/mazdel321"]}]}},"_links":{"self":[{"href":"https:\/\/mazdel.com\/en\/wp-json\/wp\/v2\/pages\/1736","targetHints":{"allow":["GET"]}}],"collection":[{"href":"https:\/\/mazdel.com\/en\/wp-json\/wp\/v2\/pages"}],"about":[{"href":"https:\/\/mazdel.com\/en\/wp-json\/wp\/v2\/types\/page"}],"author":[{"embeddable":true,"href":"https:\/\/mazdel.com\/en\/wp-json\/wp\/v2\/users\/2"}],"replies":[{"embeddable":true,"href":"https:\/\/mazdel.com\/en\/wp-json\/wp\/v2\/comments?post=1736"}],"version-history":[{"count":1,"href":"https:\/\/mazdel.com\/en\/wp-json\/wp\/v2\/pages\/1736\/revisions"}],"predecessor-version":[{"id":14718,"href":"https:\/\/mazdel.com\/en\/wp-json\/wp\/v2\/pages\/1736\/revisions\/14718"}],"wp:attachment":[{"href":"https:\/\/mazdel.com\/en\/wp-json\/wp\/v2\/media?parent=1736"}],"curies":[{"name":"wp","href":"https:\/\/api.w.org\/{rel}","templated":true}]}}